{"id":1358,"date":"2025-09-05T11:23:56","date_gmt":"2025-09-05T09:23:56","guid":{"rendered":"https:\/\/digilex.online\/?page_id=1358"},"modified":"2025-09-14T16:08:22","modified_gmt":"2025-09-14T14:08:22","slug":"global-g-a-p","status":"publish","type":"page","link":"https:\/\/piqms.com\/en\/global-g-a-p\/","title":{"rendered":"GLOBAL G.A.P."},"content":{"rendered":"<div data-elementor-type=\"wp-page\" data-elementor-id=\"1358\" class=\"elementor elementor-1358\" data-elementor-post-type=\"page\">\n\t\t\t\t<div class=\"elementor-element elementor-element-275954b0 e-flex e-con-boxed e-con e-parent\" data-id=\"275954b0\" data-element_type=\"container\">\n\t\t\t\t\t<div class=\"e-con-inner\">\n\t\t<div class=\"elementor-element elementor-element-29c686b1 e-con-full e-flex e-con e-child\" data-id=\"29c686b1\" data-element_type=\"container\">\n\t\t\t\t<div class=\"elementor-element elementor-element-3fff2871 elementor-widget elementor-widget-heading\" data-id=\"3fff2871\" data-element_type=\"widget\" data-widget_type=\"heading.default\">\n\t\t\t\t<div class=\"elementor-widget-container\">\n\t\t\t\t\t<h1 class=\"elementor-heading-title elementor-size-default\">GLOBAL G.A.P.<\/h1>\t\t\t\t<\/div>\n\t\t\t\t<\/div>\n\t\t\t\t<div class=\"elementor-element elementor-element-e3b6a6e elementor-widget elementor-widget-text-editor\" data-id=\"e3b6a6e\" data-element_type=\"widget\" data-widget_type=\"text-editor.default\">\n\t\t\t\t<div class=\"elementor-widget-container\">\n\t\t\t\t\t\t\t\t\t<p>GLOBAL G.A.P. is an internationally recognized standard by the GFSI initiative, intended for controlled primary production and processing, with clearly defined rules that guarantee a higher level of customer requirements and a strong focus on consumer health protection.<\/p>\t\t\t\t\t\t\t\t<\/div>\n\t\t\t\t<\/div>\n\t\t\t\t<\/div>\n\t\t<div class=\"elementor-element elementor-element-1388e32d e-con-full e-flex e-con e-child\" data-id=\"1388e32d\" data-element_type=\"container\">\n\t\t\t\t<div class=\"elementor-element elementor-element-7a57f175 elementor-widget elementor-widget-image\" data-id=\"7a57f175\" data-element_type=\"widget\" data-widget_type=\"image.default\">\n\t\t\t\t<div class=\"elementor-widget-container\">\n\t\t\t\t\t\t\t\t\t\t\t\t\t\t\t<img fetchpriority=\"high\" decoding=\"async\" width=\"1000\" height=\"750\" src=\"https:\/\/piqms.com\/wp-content\/uploads\/2025\/09\/IMG_20190625_112513-1-scaled-1.jpg\" class=\"attachment-large size-large wp-image-1898\" alt=\"\" srcset=\"https:\/\/piqms.com\/wp-content\/uploads\/2025\/09\/IMG_20190625_112513-1-scaled-1.jpg 1000w, https:\/\/piqms.com\/wp-content\/uploads\/2025\/09\/IMG_20190625_112513-1-scaled-1-300x225.jpg 300w, https:\/\/piqms.com\/wp-content\/uploads\/2025\/09\/IMG_20190625_112513-1-scaled-1-768x576.jpg 768w\" sizes=\"(max-width: 1000px) 100vw, 1000px\" \/>\t\t\t\t\t\t\t\t\t\t\t\t\t\t\t<\/div>\n\t\t\t\t<\/div>\n\t\t\t\t<\/div>\n\t\t\t\t\t<\/div>\n\t\t\t\t<\/div>\n\t\t<div class=\"elementor-element elementor-element-2776c5a7 e-flex e-con-boxed e-con e-parent\" data-id=\"2776c5a7\" data-element_type=\"container\">\n\t\t\t\t\t<div class=\"e-con-inner\">\n\t\t<div class=\"elementor-element elementor-element-2b16e8de e-con-full e-flex e-con e-child\" data-id=\"2b16e8de\" data-element_type=\"container\" data-settings=\"{&quot;background_background&quot;:&quot;classic&quot;}\">\n\t\t\t\t<div class=\"elementor-element elementor-element-708ecf08 elementor-widget elementor-widget-heading\" data-id=\"708ecf08\" data-element_type=\"widget\" data-widget_type=\"heading.default\">\n\t\t\t\t<div class=\"elementor-widget-container\">\n\t\t\t\t\t<h2 class=\"elementor-heading-title elementor-size-default\">Why GLOBAL G.A.P.?<\/h2>\t\t\t\t<\/div>\n\t\t\t\t<\/div>\n\t\t\t\t<div class=\"elementor-element elementor-element-579ba0b7 elementor-widget elementor-widget-text-editor\" data-id=\"579ba0b7\" data-element_type=\"widget\" data-widget_type=\"text-editor.default\">\n\t\t\t\t<div class=\"elementor-widget-container\">\n\t\t\t\t\t\t\t\t\t<p>Food safety begins at its earliest stage \u2013 in agriculture and livestock farming. That is why the application of Good Agricultural Practice (GLOBAL G.A.P.) represents a key foundation for ensuring product safety throughout the entire supply chain.<\/p><p>GLOBALG.A.P. is the leading global standard for safe and sustainable agriculture, widely accepted in the private sector, providing organizations with:<\/p><ul><li>access to international markets,<\/li><li>better product positioning with retail chains,<\/li><li>building consumer trust that products are produced responsibly and in line with sustainability principles.<\/li><\/ul><p>Implementation of the GLOBALG.A.P. standard:<\/p><ul><li>ensures safe and controlled products,<\/li><li>reduces the risk of chemical hazards (pesticides, fertilizers, contaminants),<\/li><li>lowers costs through fewer complaints and claims,<\/li><li>ensures compliance with applicable laws and regulations,<\/li><li>increases competitiveness and the chance for long-term success in the global market.<\/li><\/ul>\t\t\t\t\t\t\t\t<\/div>\n\t\t\t\t<\/div>\n\t\t\t\t<\/div>\n\t\t\t\t\t<\/div>\n\t\t\t\t<\/div>\n\t\t<div class=\"elementor-element elementor-element-3376adff e-flex e-con-boxed e-con e-parent\" data-id=\"3376adff\" data-element_type=\"container\">\n\t\t\t\t\t<div class=\"e-con-inner\">\n\t\t\t\t<div class=\"elementor-element elementor-element-474389a7 elementor-widget elementor-widget-heading\" data-id=\"474389a7\" data-element_type=\"widget\" data-widget_type=\"heading.default\">\n\t\t\t\t<div class=\"elementor-widget-container\">\n\t\t\t\t\t<h2 class=\"elementor-heading-title elementor-size-default\">What Do We Offer?<\/h2>\t\t\t\t<\/div>\n\t\t\t\t<\/div>\n\t\t\t\t<div class=\"elementor-element elementor-element-29d3181b elementor-widget elementor-widget-text-editor\" data-id=\"29d3181b\" data-element_type=\"widget\" data-widget_type=\"text-editor.default\">\n\t\t\t\t<div class=\"elementor-widget-container\">\n\t\t\t\t\t\t\t\t\t<p>Our team supports you at every step of implementing the GLOBALG.A.P. standard, tailored to your business \u2013 from small producers to large agricultural systems:<\/p><ul><li>developing Good Agricultural Practice policies,<\/li><li>defining the scope and objectives of the system,<\/li><li>establishing, documenting, and maintaining the GLOBALG.A.P. system,<\/li><li>monitoring and controlling production processes,<\/li><li>providing support in interpreting and meeting legal and market requirements.<\/li><\/ul><p>GLOBALG.A.P. gives you the opportunity for your production to become a synonym for safety, sustainability, and trust on both domestic and international markets.<\/p>\t\t\t\t\t\t\t\t<\/div>\n\t\t\t\t<\/div>\n\t\t\t\t\t<\/div>\n\t\t\t\t<\/div>\n\t\t\t\t<\/div>","protected":false},"excerpt":{"rendered":"<p>GLOBAL G.A.P. GLOBAL G.A.P. je me\u0111unarodno priznat standard od strane GFSI inicijative, namenjen za kontrolisanu primarnu proizvodnju i preradu, sa jasno definisanim pravilima koja garantuju vi\u0161i nivo zahteva kupaca i sna\u017ean fokus na za\u0161titu zdravlja potro\u0161a\u010da. Za\u0161to GLOBAL G.A.P.? Bezbednost hrane po\u010dinje u njenom najranijem stadijumu \u2013 u poljoprivredi i sto\u010darstvu. Upravo zato primena dobre&#8230;<\/p>","protected":false},"author":1,"featured_media":0,"parent":0,"menu_order":0,"comment_status":"closed","ping_status":"closed","template":"","meta":{"_kadence_starter_templates_imported_post":false,"_kad_post_transparent":"","_kad_post_title":"hide","_kad_post_layout":"fullwidth","_kad_post_sidebar_id":"","_kad_post_content_style":"unboxed","_kad_post_vertical_padding":"hide","_kad_post_feature":"hide","_kad_post_feature_position":"","_kad_post_header":false,"_kad_post_footer":false,"footnotes":""},"class_list":["post-1358","page","type-page","status-publish","hentry"],"_links":{"self":[{"href":"https:\/\/piqms.com\/en\/wp-json\/wp\/v2\/pages\/1358","targetHints":{"allow":["GET"]}}],"collection":[{"href":"https:\/\/piqms.com\/en\/wp-json\/wp\/v2\/pages"}],"about":[{"href":"https:\/\/piqms.com\/en\/wp-json\/wp\/v2\/types\/page"}],"author":[{"embeddable":true,"href":"https:\/\/piqms.com\/en\/wp-json\/wp\/v2\/users\/1"}],"replies":[{"embeddable":true,"href":"https:\/\/piqms.com\/en\/wp-json\/wp\/v2\/comments?post=1358"}],"version-history":[{"count":4,"href":"https:\/\/piqms.com\/en\/wp-json\/wp\/v2\/pages\/1358\/revisions"}],"predecessor-version":[{"id":1901,"href":"https:\/\/piqms.com\/en\/wp-json\/wp\/v2\/pages\/1358\/revisions\/1901"}],"wp:attachment":[{"href":"https:\/\/piqms.com\/en\/wp-json\/wp\/v2\/media?parent=1358"}],"curies":[{"name":"wp","href":"https:\/\/api.w.org\/{rel}","templated":true}]}}